{"id":18,"date":"2011-01-09T17:38:42","date_gmt":"2011-01-09T17:38:42","guid":{"rendered":"http:\/\/www.wsvlangen.de\/wordpress\/?page_id=18"},"modified":"2024-06-06T18:51:42","modified_gmt":"2024-06-06T16:51:42","slug":"vorstand","status":"publish","type":"page","link":"https:\/\/www.wsvlangen.de\/?page_id=18","title":{"rendered":"Vorstand"},"content":{"rendered":"<p>&nbsp;<\/p>\n<p><strong>WSV Langen &#8211; Vorstandsteam<\/strong><\/p>\n<p>Kurt Breitkopf (Finanzen)<\/p>\n<p>Tanja Entzian (Vertragswerke)<\/p>\n<p>Petra Mercker (Mitgliederverwaltung)<\/p>\n<p>Katrin Strohfeldt (Jugendf\u00f6rderung)<\/p>\n<p>Marc Strohfeldt (Interne und externe Kommunikation)<\/p>\n<p>Thomas Wardt (Wassersportanlage &#8211; Infrastruktur)<\/p>\n<p>Email: wsvvorstand(at)wsvlangen.de<\/p>\n<p>&nbsp;<\/p>\n<p>&nbsp;<\/p>\n<p>Unsere Postadresse lautet: Wassersportverein Langen i.d. SSG, An der Rechten Wiese 15, 63225 Langen<\/p>\n<p>Unser Vereinsgel\u00e4nde&nbsp;liegt am Nordwestufer&nbsp;des Langener Waldsees, Zufahrt \u00fcber die Sehringstra\u00dfe. Das Einfahrtstor&nbsp;befindet sich&nbsp;links neben dem Verwaltungsgeb\u00e4ude des Kieswerkes.&nbsp;Da das Tor nur&nbsp;von Mitgliedern ge\u00f6ffnet werden kann, bitten wir alle anderen Besucher, sich beim Vorstand anzumelden.<\/p>\n<p><span style=\"color: #ff0000;\">Leider ist unsere Aufnahmekapazit\u00e4t derzeit ersch\u00f6pft und wir bitten von Anfragen bis zum Ende des Jahres 2024 abzusehen.<\/span><\/p>\n<p>&nbsp;<\/p>\n","protected":false},"excerpt":{"rendered":"<p>&nbsp; WSV Langen &#8211; Vorstandsteam Kurt Breitkopf (Finanzen) Tanja Entzian (Vertragswerke) Petra Mercker (Mitgliederverwaltung) Katrin Strohfeldt (Jugendf\u00f6rderung) Marc Strohfeldt (Interne und externe Kommunikation) Thomas Wardt (Wassersportanlage &#8211; Infrastruktur) Email: wsvvorstand(at)wsvlangen.de &nbsp; &nbsp; Unsere Postadresse lautet: Wassersportverein Langen i.d. SSG, An &hellip; <a href=\"https:\/\/www.wsvlangen.de\/?page_id=18\">Weiterlesen <span class=\"meta-nav\">&rarr;<\/span><\/a><\/p>\n","protected":false},"author":1,"featured_media":0,"parent":0,"menu_order":8,"comment_status":"closed","ping_status":"closed","template":"","meta":{"ngg_post_thumbnail":0,"footnotes":""},"class_list":["post-18","page","type-page","status-publish","hentry"],"_links":{"self":[{"href":"https:\/\/www.wsvlangen.de\/index.php?rest_route=\/wp\/v2\/pages\/18","targetHints":{"allow":["GET"]}}],"collection":[{"href":"https:\/\/www.wsvlangen.de\/index.php?rest_route=\/wp\/v2\/pages"}],"about":[{"href":"https:\/\/www.wsvlangen.de\/index.php?rest_route=\/wp\/v2\/types\/page"}],"author":[{"embeddable":true,"href":"https:\/\/www.wsvlangen.de\/index.php?rest_route=\/wp\/v2\/users\/1"}],"replies":[{"embeddable":true,"href":"https:\/\/www.wsvlangen.de\/index.php?rest_route=%2Fwp%2Fv2%2Fcomments&post=18"}],"version-history":[{"count":56,"href":"https:\/\/www.wsvlangen.de\/index.php?rest_route=\/wp\/v2\/pages\/18\/revisions"}],"predecessor-version":[{"id":6596,"href":"https:\/\/www.wsvlangen.de\/index.php?rest_route=\/wp\/v2\/pages\/18\/revisions\/6596"}],"wp:attachment":[{"href":"https:\/\/www.wsvlangen.de\/index.php?rest_route=%2Fwp%2Fv2%2Fmedia&parent=18"}],"curies":[{"name":"wp","href":"https:\/\/api.w.org\/{rel}","templated":true}]}}