{"id":2,"date":"2011-01-09T12:11:31","date_gmt":"2011-01-09T12:11:31","guid":{"rendered":"http:\/\/www.wsvlangen.de\/wordpress\/?page_id=2"},"modified":"2026-04-08T00:59:17","modified_gmt":"2026-04-07T22:59:17","slug":"eine-seite","status":"publish","type":"page","link":"https:\/\/www.wsvlangen.de\/?page_id=2","title":{"rendered":"Verein &#038; Mitgliedschaft"},"content":{"rendered":"<p><span style=\"color: #ffffff;\">.<\/span><\/p>\n<p><a href=\"https:\/\/www.wsvlangen.de\/wordpress\/wp-content\/uploads\/2011\/01\/WSVLogoneu.jpg\"><img loading=\"lazy\" decoding=\"async\" class=\"alignnone size-full wp-image-2978\" title=\"WSVLogoneu\" src=\"https:\/\/www.wsvlangen.de\/wordpress\/wp-content\/uploads\/2011\/01\/WSVLogoneu.jpg\" alt=\"\" width=\"255\" height=\"179\"><\/a>i. d. SSG Langen e.V.<\/p>\n<p>&nbsp;<\/p>\n<p>Segeln und Surfen in S\u00fcdhessen &#8211; wer h\u00e4tte das gedacht&#8230;<\/p>\n<p>Vor 50 Jahren gab es eine Handvoll Segelbegeisterter, die das Unm\u00f6gliche m\u00f6glich machen wollten und am Langener Waldsee den WSV gr\u00fcndeten. Heute sind wir ein moderner Segel- und Surfverein im Herzen des Rhein-Main-Gebietes, ausgestattet mit einer gro\u00dfz\u00fcgig angelegten Vereinsanlage, die sowohl dem Breitensport, als auch&nbsp;ambitionierten Regattaveranstaltungen, mit im Binnenland&nbsp;spektakul\u00e4ren Teilnehmerfeldern, gerecht wird. Von der Vollholz-H-Jolle aus den 1920er Jahren bis zum&nbsp;High-Tech-14-Footer neuester Pr\u00e4gung&nbsp;ist bei uns (fast) alles am Start. Windgliden k\u00f6nnen wir genausogut wie Speedsurfen.<\/p>\n<p>Der&nbsp;unglaublichen Eigenleistung unserer Mitglieder war und&nbsp;ist es zu verdanken, dass die Erfolgsgeschichte des WSV heute noch immer&nbsp;weitergeschrieben werden kann.<\/p>\n<p>Eine Bitte um Verst\u00e4ndnis haben wir:&nbsp;Wir sind ein ehrenamtlich gef\u00fchrter Verein. Nicht alle Anfragen k\u00f6nnen immer sofort beantwortet werden. Manchmal dauert es etwas l\u00e4nger.&nbsp;Es geben sich aber&nbsp;alle Beteiligten M\u00fche. Und am Ende wird meistens&nbsp;alles gut.<\/p>\n<p>Unser Vereinsgel\u00e4nde&nbsp;liegt am Nordwestufer&nbsp;des Langener Waldsees, Zufahrt \u00fcber die Sehringstra\u00dfe. Das Einfahrtstor&nbsp;befindet sich&nbsp;links neben dem Verwaltungsgeb\u00e4ude des Kieswerkes.&nbsp;Da das Tor nur&nbsp;von Mitgliedern ge\u00f6ffnet werden kann, bitten wir alle anderen Besucher, sich beim Vorstand anzumelden.<\/p>\n<p><span style=\"color: #ff0000;\">Leider ist unsere Aufnahmekapazit\u00e4t derzeit ersch\u00f6pft und wir bitten von Anfragen bis zum Ende des Jahres 2026 abzusehen.<\/span><\/p>\n\n\n<p><\/p>\n","protected":false},"excerpt":{"rendered":"<p>. i. d. SSG Langen e.V. &nbsp; Segeln und Surfen in S\u00fcdhessen &#8211; wer h\u00e4tte das gedacht&#8230; Vor 50 Jahren gab es eine Handvoll Segelbegeisterter, die das Unm\u00f6gliche m\u00f6glich machen wollten und am Langener Waldsee den WSV gr\u00fcndeten. Heute sind &hellip; <a href=\"https:\/\/www.wsvlangen.de\/?page_id=2\">Weiterlesen <span class=\"meta-nav\">&rarr;<\/span><\/a><\/p>\n","protected":false},"author":1,"featured_media":0,"parent":0,"menu_order":0,"comment_status":"closed","ping_status":"closed","template":"","meta":{"ngg_post_thumbnail":0,"footnotes":""},"class_list":["post-2","page","type-page","status-publish","hentry"],"_links":{"self":[{"href":"https:\/\/www.wsvlangen.de\/index.php?rest_route=\/wp\/v2\/pages\/2","targetHints":{"allow":["GET"]}}],"collection":[{"href":"https:\/\/www.wsvlangen.de\/index.php?rest_route=\/wp\/v2\/pages"}],"about":[{"href":"https:\/\/www.wsvlangen.de\/index.php?rest_route=\/wp\/v2\/types\/page"}],"author":[{"embeddable":true,"href":"https:\/\/www.wsvlangen.de\/index.php?rest_route=\/wp\/v2\/users\/1"}],"replies":[{"embeddable":true,"href":"https:\/\/www.wsvlangen.de\/index.php?rest_route=%2Fwp%2Fv2%2Fcomments&post=2"}],"version-history":[{"count":53,"href":"https:\/\/www.wsvlangen.de\/index.php?rest_route=\/wp\/v2\/pages\/2\/revisions"}],"predecessor-version":[{"id":6934,"href":"https:\/\/www.wsvlangen.de\/index.php?rest_route=\/wp\/v2\/pages\/2\/revisions\/6934"}],"wp:attachment":[{"href":"https:\/\/www.wsvlangen.de\/index.php?rest_route=%2Fwp%2Fv2%2Fmedia&parent=2"}],"curies":[{"name":"wp","href":"https:\/\/api.w.org\/{rel}","templated":true}]}}