{"id":26,"date":"2011-01-09T22:00:41","date_gmt":"2011-01-09T21:00:41","guid":{"rendered":"http:\/\/www.wsvlangen.de\/wordpress\/?page_id=26"},"modified":"2025-05-14T09:41:47","modified_gmt":"2025-05-14T07:41:47","slug":"impressum","status":"publish","type":"page","link":"https:\/\/www.wsvlangen.de\/?page_id=26","title":{"rendered":"Impressum"},"content":{"rendered":"<p>Sport- und S\u00e4ngergemeinschaft&nbsp;1889 Langen e.V., Abt. Wassersportverein<\/p>\n<p>An der Rechten Wiese 15<\/p>\n<p>63225 Langen<\/p>\n<p>Telefon: +49 (0) 61 03 &#8211; 20 16 99<\/p>\n<p>Telefax: +49 (0) 61 03 &#8211; 3 01 26 55<\/p>\n<p>Email: wsvvorstand(at)wsvlangen.de<\/p>\n<p><span style=\"color: #ff6600;\">Leider sind derzeit alle Liegepl\u00e4tze vergeben und wir bitten, derzeit keine Anfragen nach Mitgliedschaft an den Verein zu richten. Stand Sommer 2025.<\/span><\/p>\n<p>Das Vereinsgel\u00e4nde befindet sich am Langener Waldsee, Zufahrt \u00fcber die Sehringstra\u00dfe.<\/p>\n<p>Die Informationen auf dieser Seite werden f\u00fcr die Benutzer kostenfrei zur Verf\u00fcgung gestellt. Alle Inhalte sind jedoch urheberrechtlich gesch\u00fctzt. Jegliche Verwendung durch Dritte, insbesondere auch jegliche gewerbliche Weiterverwendung bedarf der vorherigen schriftlichen Genehmigung durch den Vorstand des WSV Langen. Der Verein \u00fcbernimmt, trotz gr\u00f6\u00dftm\u00f6glicher Sorgfalt, keinerlei Haftung f\u00fcr die Richtigkeit, Vollst\u00e4ndigkeit und Aktualit\u00e4t der bereitgestellten Informationen.<\/p>\n<p>Trotz sorgf\u00e4ltiger inhaltlicher Kontrolle \u00fcbernehmen wir keinerlei Haftung f\u00fcr die Inhalte von Seiten, zu denen auf unserer Homepage gesetzte externe links f\u00fchren. F\u00fcr den Inhalt der verlinkten Seiten sind ausschlie\u00dflich deren Betreiber verantwortlich.<\/p>\n","protected":false},"excerpt":{"rendered":"<p>Sport- und S\u00e4ngergemeinschaft&nbsp;1889 Langen e.V., Abt. Wassersportverein An der Rechten Wiese 15 63225 Langen Telefon: +49 (0) 61 03 &#8211; 20 16 99 Telefax: +49 (0) 61 03 &#8211; 3 01 26 55 Email: wsvvorstand(at)wsvlangen.de Leider sind derzeit alle Liegepl\u00e4tze &hellip; <a href=\"https:\/\/www.wsvlangen.de\/?page_id=26\">Weiterlesen <span class=\"meta-nav\">&rarr;<\/span><\/a><\/p>\n","protected":false},"author":1,"featured_media":0,"parent":0,"menu_order":13,"comment_status":"closed","ping_status":"closed","template":"","meta":{"ngg_post_thumbnail":0,"footnotes":""},"class_list":["post-26","page","type-page","status-publish","hentry"],"_links":{"self":[{"href":"https:\/\/www.wsvlangen.de\/index.php?rest_route=\/wp\/v2\/pages\/26","targetHints":{"allow":["GET"]}}],"collection":[{"href":"https:\/\/www.wsvlangen.de\/index.php?rest_route=\/wp\/v2\/pages"}],"about":[{"href":"https:\/\/www.wsvlangen.de\/index.php?rest_route=\/wp\/v2\/types\/page"}],"author":[{"embeddable":true,"href":"https:\/\/www.wsvlangen.de\/index.php?rest_route=\/wp\/v2\/users\/1"}],"replies":[{"embeddable":true,"href":"https:\/\/www.wsvlangen.de\/index.php?rest_route=%2Fwp%2Fv2%2Fcomments&post=26"}],"version-history":[{"count":18,"href":"https:\/\/www.wsvlangen.de\/index.php?rest_route=\/wp\/v2\/pages\/26\/revisions"}],"predecessor-version":[{"id":6755,"href":"https:\/\/www.wsvlangen.de\/index.php?rest_route=\/wp\/v2\/pages\/26\/revisions\/6755"}],"wp:attachment":[{"href":"https:\/\/www.wsvlangen.de\/index.php?rest_route=%2Fwp%2Fv2%2Fmedia&parent=26"}],"curies":[{"name":"wp","href":"https:\/\/api.w.org\/{rel}","templated":true}]}}