{"id":4953,"date":"2018-06-16T15:49:42","date_gmt":"2018-06-16T13:49:42","guid":{"rendered":"http:\/\/www.wsvlangen.de\/?page_id=4953"},"modified":"2021-09-29T18:06:00","modified_gmt":"2021-09-29T16:06:00","slug":"datenschutzerklaerung","status":"publish","type":"page","link":"https:\/\/www.wsvlangen.de\/?page_id=4953","title":{"rendered":"Datenschutz"},"content":{"rendered":"<p><b>Datenschutzerkl\u00e4rung Wassersportverein Langen<span class=\"Apple-converted-space\">&nbsp;<\/span><\/b><\/p>\n<p>Nachfolgend informieren wir Sie entsprechend den gesetzlichen Vorgaben \u2013 insbesondere der EU-Datenschutzgrundverordnung (DSGVO, abrufbar unter http:\/\/eur-lex.europa.eu\/legal-content\/DE\/TXT\/?uri=uriserv:OJ.L_.2016.119.01.0001.01.DEU) \u2013 \u00fcber die Verarbeitung personenbezogener Daten durch unseren Verein.<\/p>\n<p><b>Verantwortlicher<\/b><\/p>\n<p>Verantwortlicher gem\u00e4\u00df Art. 4 EU-DSGVO ist Sport- und S\u00e4ngergemeinschaft 1889 Langen e.V., Abteilung WSV (nachfolgend \u201eSSG, Abt. WSV\u201c genannt) An der Rechten Wiese 15, 63225 Langen, Telefon: +49 (0) 61 03 \u2013 20 16 99, Telefax: +49 (0) 61 03 \u2013 3 01 26 55, Email: vorstand(at)ssg-langen.de<\/p>\n<p>&nbsp;<\/p>\n<p>Vorstand:<span class=\"Apple-converted-space\">&nbsp;<\/span><\/p>\n<p>1. Vorsitzender SSG Langen:&nbsp;Joachim Uhl<\/p>\n<p>Stellvertretende Vorsitzende SSG Langen: Helmut Hoffmann, Thomas R\u00e4uber<\/p>\n<p>Abteilungsleiter WSV: Thilo Kn\u00f6chel<\/p>\n<p>Stellvertretende Abteilungsleiterin WSV: Irene Grabes<\/p>\n<p><b>Datenschutzbeauftragter<span class=\"Apple-converted-space\">&nbsp;<\/span><\/b><\/p>\n<p>Nach den gesetzlichen Bestimmungen sind wir nicht verp\ufb02ichtet einen Datenschutzbeauftragten zu benennen. Wenn Sie Fragen zum Datenschutz haben, wenden Sie sich bitte direkt an den Vorstand. Ihre Datenschutzanfrage k\u00f6nnen Sie direkt an vorstand@wsvlangen.de richten.<\/p>\n<p><b>Hinweise zur Verarbeitung personenbezogener Daten<span class=\"Apple-converted-space\">&nbsp;<\/span><\/b><\/p>\n<p>Auf unserer Internetseite verarbeiten wir Ihre personenbezogenen Daten nur, wenn Sie ausdr\u00fccklich darin eingewilligt haben bzw. Sie Ihre Daten freiwillig angeben.<\/p>\n<p><b>Verpflichtung zur Bereitstellung &amp; Folgen der Nichtbereitstellung<span class=\"Apple-converted-space\">&nbsp;<\/span><\/b><\/p>\n<p>Die Bereitstellung der personenbezogenen Daten ist nicht gesetzlich oder vertraglich vorgeschrieben und Sie sind nicht verp\ufb02ichtet, Daten bereitzustellen. Wir informieren Sie im Rahmen des Eingabeprozesses bzw. bei der Abfrage Ihrer Daten, wenn die Bereitstellung personenbezogener Daten f\u00fcr den jeweiligen Zweck erforderlich ist (z.B. durch die Bezeichnung als \u201eP\ufb02ichtfeld\u201c). Bei erforderlichen Daten hat die Nichtbereitstellung zur Folge, dass unter Umst\u00e4nden eine Mitgliedschaft im Verein nicht begr\u00fcndet oder aufrecht erhalten werden kann oder dass an bestimmten Teilen des Vereinslebens nicht teilgenommen werden kann.<\/p>\n<p><b>Einwilligung<span class=\"Apple-converted-space\">&nbsp;<\/span><\/b><\/p>\n<p>In verschiedenen F\u00e4llen haben Sie die M\u00f6glichkeit, uns im Zusammenhang mit den nachstehend dargestellten Verarbeitungen auch ggf. f\u00fcr einen Teil der Daten Ihre Einwilligung in weitergehende Verarbeitungen zu erteilen. In diesem Fall informieren wir Sie im Zusammenhang mit der Abgabe der jeweiligen Einwilligungserkl\u00e4rung gesondert \u00fcber alle Modalit\u00e4ten und die Reichweite der Einwilligung und \u00fcber die Zwecke, die wir mit diesen Verarbeitungen verfolgen.<\/p>\n<p><b>Zwecke<span class=\"Apple-converted-space\">&nbsp;<\/span><\/b><\/p>\n<p>Ihre personenbezogenen Daten ben\u00f6tigen wir:<span class=\"Apple-converted-space\">&nbsp;<\/span><\/p>\n<ul>\n<li>wenn Sie unsere Webseiten besuchen<span class=\"Apple-converted-space\">&nbsp;<\/span><\/li>\n<li>wenn Sie von uns kontaktiert werden m\u00f6chten<\/li>\n<li>wenn Sie als Mitglieder Ihre Arbeitsstunden anmelden m\u00f6chten<\/li>\n<\/ul>\n<p>Die hier angegebenen Zwecke k\u00f6nnen sich ggf. auch \u00e4ndern.<span class=\"Apple-converted-space\">&nbsp;<\/span><\/p>\n<p>Wir erheben nur die Daten, die f\u00fcr den jeweiligen Zweck erforderlich sind (\u201eDatenminimierung\u201c gem\u00e4\u00df Art. 5 Abs. 1 c EU-DSGVO). Ihre Daten werden ohne Ihre Einwilligung nicht an Dritte weitergegeben, es sei denn dies ist f\u00fcr die Erf\u00fcllung vertraglicher oder gesetzlicher Verp\ufb02ichtungen erforderlich. Ihre Daten werden nur so lange gespeichert, wie es f\u00fcr den jeweiligen Zweck erforderlich ist (Art. 5 Abs. 1 e EU-DSGVO). Vorschriften hierzu \ufb01nden sich in \u00a7 257 Abs. 1 Nr. 2 und 3 und \u00a7 257 Abs. 1 Nr. 1 des Handelsgesetzbuches (HGB) sowie in \u00a7 147 Abs. 3 Abgabenordnung. Die Fristen liegen in der Regel zwischen 6 und 10 Jahren (bei Personensch\u00e4den ggf. bis zu 30 Jahren).<\/p>\n<p><b>Was passiert mit Ihren personenbezogenen Daten?<span class=\"Apple-converted-space\">&nbsp;<\/span><\/b><\/p>\n<p><b>1. Ihr Besuch auf unserer Seite<span class=\"Apple-converted-space\">&nbsp;<\/span><\/b><\/p>\n<p>Sobald Sie unsere Internetseite besuchen werden Zugriffsdaten in einer Protokolldatei gespeichert. Diese Datei enth\u00e4lt Browsertyp und -version, verwendetes Betriebssystem, Webseite von der Sie uns besuchen, Webseite, die Sie besuchen, Datum und Uhrzeit des Zugriffs und Ihre IP-Adresse. Diese Verarbeitung dient der \u00dcberwachung unserer Webseite, z.B. um m\u00f6gliche Fehler in unseren Webseiten zu erkennen. Die SSG, Abt. WSV&nbsp;verkn\u00fcpft die in der Protokolldatei enthaltenen Daten nicht mit einzelnen Personen. Allerdings behalten wir uns vor, wenn aufgrund bestimmter Tatsachen der Verdacht besteht, dass Nutzer unsere Seiten und\/oder Dienste gesetz- oder vertragswidrig nutzen, auf die Daten zuzugreifen. Dies dient dem Schutz der Daten und der SSG, Abt. WSV &#8211; Webseiten und Dienste.<span class=\"Apple-converted-space\">&nbsp;<\/span><\/p>\n<p><b>2. Social Media Plug-ins<\/b><\/p>\n<p>Wir setzen auf unserer Website auf Grundlage des Art. 6 Abs. 1 S. 1 lit. f DSGVO Social Plug-ins des sozialen Netzwerks Facebook ein, um unseren Verein hier\u00fcber bekannter zu machen. Der dahinterstehende werbliche Zweck ist als berechtigtes Interesse im Sinne der DSGVO anzusehen. Die Verantwortung f\u00fcr den datenschutzkonformen Betrieb ist durch deren jeweiligen Anbieter zu gew\u00e4hrleisten. Auf unserer Website kommen Social-Media Plugins von Facebook zum Einsatz, um deren Nutzung pers\u00f6nlicher zu gestalten. Hierf\u00fcr nutzen wir den \u201eLIKE\u201c oder \u201eTEILEN\u201c-Button. Es handelt sich dabei um ein Angebot von Facebook. Wenn Sie eine Seite unseres Webauftritts aufrufen, die ein solches Plugin enth\u00e4lt, baut Ihr Browser eine direkte Verbindung mit den Servern von Facebook auf. Der Inhalt des Plugins wird von Facebook direkt an Ihren Browser \u00fcbermittelt und von diesem in die Webseite eingebunden. Durch die Einbindung der Plugins erh\u00e4lt Facebook die Information, dass Ihr Browser die entsprechende Seite unseres Webauftritts aufgerufen hat, auch wenn Sie kein Facebook-Konto besitzen oder gerade nicht bei Facebook eingeloggt sind. Diese Information (einschlie\u00dflich Ihrer IP-Adresse) wird von Ihrem Browser direkt an einen Server von Facebook n den USA \u00fcbermittelt und dort gespeichert. Sind Sie bei Facebook eingeloggt, kann Facebook den Besuch unserer Website Ihrem Facebook-Konto direkt zuordnen. Wenn Sie mit den Plugins interagieren, zum Beispiel den \u201eLIKE\u201c oder \u201eTEILEN\u201c-Button bet\u00e4tigen, wird die entsprechende Information ebenfalls direkt an einen Server von Facebook \u00fcbermittelt und dort gespeichert. Die Informationen werden zudem auf Facebook ver\u00f6ffentlicht und Ihren Facebook-Freunden angezeigt. Facebook kann diese Informationen zum Zwecke der Werbung, Marktforschung und bedarfsgerechten Gestaltung der Facebook-Seiten benutzen. Hierzu werden von Facebook Nutzungs-, Interessen- und Beziehungsprofile erstellt, z.B.um Ihre Nutzung unserer Website im Hinblick auf die Ihnen bei Facebook eingeblendeten Werbeanzeigen auszuwerten, andere Facebook-Nutzer \u00fcber Ihre Aktivit\u00e4ten auf unserer Website zu informieren und um weitere mit der Nutzung von Facebook verbundene Dienstleistungen zu erbringen. Wenn Sie nicht m\u00f6chten, dass Facebook die \u00fcber unseren Webauftritt gesammelten Daten Ihrem Facebook-Konto zuordnet, m\u00fcssen Sie sich vor Ihrem Besuch unserer Website bei Facebook ausloggen. Zweck und Umfang der Datenerhebung und die weitere Verarbeitung und Nutzung der Daten durch Facebook sowie Ihre diesbez\u00fcglichen Rechte und Einstellungsm\u00f6glichkeiten zum Schutz Ihrer Privatsph\u00e4re entnehmen Sie bitte den Datenschutzhinweisen (https:\/\/www.facebook.com\/about\/privacy\/) von Facebook.<\/p>\n<p><b>Was sind Ihre Rechte? Sie haben das Recht:<\/b><\/p>\n<p>\u2022 gem\u00e4\u00df Art. 15 DSGVO Auskunft \u00fcber Ihre von uns verarbeiteten personenbezogenen Daten zu verlangen. Insbesondere k\u00f6nnen Sie Auskunft \u00fcber die Verarbeitungszwecke, die Kategorie der personenbezogenen Daten, die Kategorien von Empf\u00e4ngern, gegen\u00fcber denen Ihre Daten offengelegt wurden oder werden, die geplante Speicherdauer, das Bestehen eines Rechts auf Berichtigung, L\u00f6schung, Einschr\u00e4nkung der Verarbeitung oder Widerspruch, das Bestehen eines Beschwerderechts, die Herkunft ihrer Daten, sofern diese nicht bei uns erhoben wurden, sowie \u00fcber das Bestehen einer automatisierten Entscheidungs\ufb01ndung einschlie\u00dflich Pro\ufb01ling und ggf. aussagekr\u00e4ftigen Informationen zu deren Einzelheiten verlangen;<\/p>\n<p>\u2022 gem\u00e4\u00df Art. 16 DSGVO unverz\u00fcglich die Berichtigung unrichtiger oder Vervollst\u00e4ndigung Ihrer bei uns gespeicherten personenbezogenen Daten zu verlangen;<\/p>\n<p>\u2022 gem\u00e4\u00df Art. 17 DSGVO die L\u00f6schung Ihrer bei uns gespeicherten personenbezogenen Daten zu verlangen, soweit nicht die Verarbeitung zur Aus\u00fcbung des Rechts auf freie Meinungs\u00e4u\u00dferung und Information, zur Erf\u00fcllung einer rechtlichen Verp\ufb02ichtung, aus Gr\u00fcnden des \u00f6ffentlichen Interesses oder zur Geltendmachung, Aus\u00fcbung oder Verteidigung von Rechtsanspr\u00fcchen erforderlich ist;<\/p>\n<p>\u2022 gem\u00e4\u00df Art. 18 DSGVO die Einschr\u00e4nkung der Verarbeitung Ihrer personenbezogenen Daten zu verlangen, soweit die Richtigkeit der Daten von Ihnen bestritten wird, die Verarbeitung unrechtm\u00e4\u00dfig ist, Sie aber deren L\u00f6schung ablehnen und wir die Daten nicht mehr ben\u00f6tigen, Sie jedoch diese zur Geltendmachung, Aus\u00fcbung oder Verteidigung von Rechtsanspr\u00fcchen ben\u00f6tigen oder Sie gem\u00e4\u00df Art. 21 DSGVO Widerspruch gegen die Verarbeitung eingelegt haben;<\/p>\n<p>\u2022 gem\u00e4\u00df Art. 20 DSGVO Ihre personenbezogenen Daten, die Sie uns bereitgestellt haben, in einem strukturierten, g\u00e4ngigen und maschinenlesbaren Format zu erhalten oder die \u00dcbermittlung an einen anderen Verantwortlichen zu verlangen;<\/p>\n<p>\u2022 gem\u00e4\u00df Art. 7 Abs. 3 DSGVO Ihre einmal erteilte Einwilligung jederzeit gegen\u00fcber uns zu widerrufen. Dies hat zur Folge, dass wir die Datenverarbeitung, die auf dieser Einwilligung beruhte, f\u00fcr die Zukunft nicht mehr fortf\u00fchren d\u00fcrfen und<\/p>\n<p>\u2022 gem\u00e4\u00df Art. 77 DSGVO sich bei einer Aufsichtsbeh\u00f6rde zu beschweren. In der Regel k\u00f6nnen Sie sich hierf\u00fcr an die Aufsichtsbeh\u00f6rde Ihres \u00fcblichen Aufenthaltsortes oder Arbeitsplatzes oder unseres Firmensitzes wenden.<span class=\"Apple-converted-space\">&nbsp;<\/span><\/p>\n<p>Die Kontaktdaten der Hessischen Datenschutzbeh\u00f6rde lauten:<span class=\"Apple-converted-space\">&nbsp;<\/span><\/p>\n<p>Der Hessische Datenschutzbeauftragte<span class=\"Apple-converted-space\">&nbsp;<\/span><\/p>\n<p>Postfach 3163<span class=\"Apple-converted-space\">&nbsp;<\/span><\/p>\n<p>65021 Wiesbaden<span class=\"Apple-converted-space\">&nbsp;<\/span><\/p>\n<p>Poststelle(a)datenschutz.hessen.de ((a) durch @ ersetzen)<span class=\"Apple-converted-space\">&nbsp;<\/span><\/p>\n<p>Telefon: +49 611 1408 &#8211; 0<span class=\"Apple-converted-space\">&nbsp;<\/span><\/p>\n<p>Telefax: +49 611 1408 &#8211; 611<\/p>\n<p><b>Widerspruchsrecht<span class=\"Apple-converted-space\">&nbsp;<\/span><\/b><\/p>\n<p>Sofern Ihre personenbezogenen Daten auf Grundlage von berechtigten Interessen gem\u00e4\u00df Art. 6 Abs. 1 S. 1 lit. f DSGVO verarbeitet werden, haben Sie das Recht, gem\u00e4\u00df Art. 21 DSGVO Widerspruch gegen die Verarbeitung Ihrer personenbezogenen Daten einzulegen, soweit daf\u00fcr Gr\u00fcnde vorliegen die sich aus Ihrer besonderen Situation ergeben oder sich der Widerspruch gegen Direktwerbung richtet. Im letzteren Fall haben Sie ein generelles Widerspruchsrecht, das ohne Angabe einer besonderen Situation von uns umgesetzt wird. M\u00f6chten Sie von Ihrem Widerrufs- oder Widerspruchsrecht Gebrauch machen, gen\u00fcgt eine E-Mail an: <a href=\"mailto:vorstand@wsvlangen.de\">vorstand@wsvlangen.de<\/a><span class=\"Apple-converted-space\">&nbsp;<\/span><\/p>\n<p><b>Aktualit\u00e4t und \u00c4nderung dieser Datenschutzerkl\u00e4rung<span class=\"Apple-converted-space\">&nbsp;<\/span><\/b><\/p>\n<p>Diese Datenschutzerkl\u00e4rung ist aktuell g\u00fcltig und hat den Stand Mai 2018. Durch die Weiterentwicklung unserer Website und Angebote dar\u00fcber oder aufgrund ge\u00e4nderter gesetzlicher beziehungsweise beh\u00f6rdlicher Vorgaben kann es notwendig werden, diese Datenschutzerkl\u00e4rung zu \u00e4ndern. Die jeweils aktuelle Datenschutzerkl\u00e4rung kann jederzeit auf der Website <a href=\"https:\/\/www.wsvlangen.de\">www.wsvlangen.de<\/a> von Ihnen abgerufen und ausgedruckt werden.<span class=\"Apple-converted-space\">&nbsp;<\/span><\/p>\n","protected":false},"excerpt":{"rendered":"<p>Datenschutzerkl\u00e4rung Wassersportverein Langen&nbsp; Nachfolgend informieren wir Sie entsprechend den gesetzlichen Vorgaben \u2013 insbesondere der EU-Datenschutzgrundverordnung (DSGVO, abrufbar unter http:\/\/eur-lex.europa.eu\/legal-content\/DE\/TXT\/?uri=uriserv:OJ.L_.2016.119.01.0001.01.DEU) \u2013 \u00fcber die Verarbeitung personenbezogener Daten durch unseren Verein. Verantwortlicher Verantwortlicher gem\u00e4\u00df Art. 4 EU-DSGVO ist Sport- und S\u00e4ngergemeinschaft 1889 Langen &hellip; <a href=\"https:\/\/www.wsvlangen.de\/?page_id=4953\">Weiterlesen <span class=\"meta-nav\">&rarr;<\/span><\/a><\/p>\n","protected":false},"author":1,"featured_media":0,"parent":0,"menu_order":12,"comment_status":"closed","ping_status":"closed","template":"","meta":{"ngg_post_thumbnail":0,"footnotes":""},"class_list":["post-4953","page","type-page","status-publish","hentry"],"_links":{"self":[{"href":"https:\/\/www.wsvlangen.de\/index.php?rest_route=\/wp\/v2\/pages\/4953","targetHints":{"allow":["GET"]}}],"collection":[{"href":"https:\/\/www.wsvlangen.de\/index.php?rest_route=\/wp\/v2\/pages"}],"about":[{"href":"https:\/\/www.wsvlangen.de\/index.php?rest_route=\/wp\/v2\/types\/page"}],"author":[{"embeddable":true,"href":"https:\/\/www.wsvlangen.de\/index.php?rest_route=\/wp\/v2\/users\/1"}],"replies":[{"embeddable":true,"href":"https:\/\/www.wsvlangen.de\/index.php?rest_route=%2Fwp%2Fv2%2Fcomments&post=4953"}],"version-history":[{"count":9,"href":"https:\/\/www.wsvlangen.de\/index.php?rest_route=\/wp\/v2\/pages\/4953\/revisions"}],"predecessor-version":[{"id":5985,"href":"https:\/\/www.wsvlangen.de\/index.php?rest_route=\/wp\/v2\/pages\/4953\/revisions\/5985"}],"wp:attachment":[{"href":"https:\/\/www.wsvlangen.de\/index.php?rest_route=%2Fwp%2Fv2%2Fmedia&parent=4953"}],"curies":[{"name":"wp","href":"https:\/\/api.w.org\/{rel}","templated":true}]}}