{"id":6,"date":"2011-01-09T17:31:51","date_gmt":"2011-01-09T17:31:51","guid":{"rendered":"http:\/\/www.wsvlangen.de\/wordpress\/?page_id=6"},"modified":"2026-04-08T00:58:00","modified_gmt":"2026-04-07T22:58:00","slug":"jugend","status":"publish","type":"page","link":"https:\/\/www.wsvlangen.de\/?page_id=6","title":{"rendered":"Jugend"},"content":{"rendered":"<p class=\"p1\"><span class=\"s2\">Kinder und Jugendliche, die sich f\u00fcr das Regattasegeln interessieren, sind in unserer Jugendabteilung herzlich willkommen. Wir f\u00fchren Kinder durch regelm\u00e4\u00dfiges w\u00f6chentliches Training an den Sport heran. Nach dem Absolvieren des Jugendsegelscheins ist es Ziel, regelm\u00e4\u00dfig an nationalen und ggf. auch internationalen Regatten teilzunehmen.<\/span><\/p>\n<p class=\"p1\"><span class=\"s2\">F\u00fcr die J\u00fcngsten (ideales Einstiegsalter: 7 Jahre) stehen Vereinsboote der Klasse Optimist zur Verf\u00fcgung. Diese kleinen Jollen werden, je nach K\u00f6rpergr\u00f6\u00dfe, bis zum Alter von etwa 14 Jahren gesegelt. Danach gibt es im WSV die M\u00f6glichkeit, Erfahrungen in den Klassen ILCA 4 und 6 (ehemals Laser) und 420er zu sammeln. Allesamt sind anerkannte Jugendmeisterschaftsklassen des Deutschen-Segler-Verbandes (DSV).<\/span><\/p>\n<p class=\"p1\"><span class=\"s2\">(Leider ist unsere Aufnahmekapazit\u00e4t derzeit ersch\u00f6pft und wir bitten von Anfragen bis zum Herbst 2026 abzusehen.)<\/span><\/p>\n<p class=\"p1\"><span class=\"s2\">Wir bitten zu beachten, dass wir keine Segelschule sind. Daher bieten wir keine zeitlich begrenzten Segelausbildungs-Kurse an.<\/span><\/p>\n<p><a href=\"https:\/\/www.wsvlangen.de\/wordpress\/wp-content\/uploads\/2011\/01\/WSVJugend011.jpg\"><img loading=\"lazy\" decoding=\"async\" class=\"alignnone size-full wp-image-53\" title=\"Foto: Marc Strohfeldt - www.nachelf.de\" src=\"https:\/\/www.wsvlangen.de\/wordpress\/wp-content\/uploads\/2011\/01\/WSVJugend011.jpg\" alt=\"\" width=\"709\" height=\"349\" srcset=\"https:\/\/www.wsvlangen.de\/wordpress\/wp-content\/uploads\/2011\/01\/WSVJugend011.jpg 709w, https:\/\/www.wsvlangen.de\/wordpress\/wp-content\/uploads\/2011\/01\/WSVJugend011-300x147.jpg 300w\" sizes=\"auto, (max-width: 709px) 100vw, 709px\" \/><\/a><\/p>\n","protected":false},"excerpt":{"rendered":"<p>Kinder und Jugendliche, die sich f\u00fcr das Regattasegeln interessieren, sind in unserer Jugendabteilung herzlich willkommen. Wir f\u00fchren Kinder durch regelm\u00e4\u00dfiges w\u00f6chentliches Training an den Sport heran. Nach dem Absolvieren des Jugendsegelscheins ist es Ziel, regelm\u00e4\u00dfig an nationalen und ggf. auch &hellip; <a href=\"https:\/\/www.wsvlangen.de\/?page_id=6\">Weiterlesen <span class=\"meta-nav\">&rarr;<\/span><\/a><\/p>\n","protected":false},"author":1,"featured_media":0,"parent":0,"menu_order":1,"comment_status":"closed","ping_status":"closed","template":"","meta":{"ngg_post_thumbnail":0,"footnotes":""},"class_list":["post-6","page","type-page","status-publish","hentry"],"_links":{"self":[{"href":"https:\/\/www.wsvlangen.de\/index.php?rest_route=\/wp\/v2\/pages\/6","targetHints":{"allow":["GET"]}}],"collection":[{"href":"https:\/\/www.wsvlangen.de\/index.php?rest_route=\/wp\/v2\/pages"}],"about":[{"href":"https:\/\/www.wsvlangen.de\/index.php?rest_route=\/wp\/v2\/types\/page"}],"author":[{"embeddable":true,"href":"https:\/\/www.wsvlangen.de\/index.php?rest_route=\/wp\/v2\/users\/1"}],"replies":[{"embeddable":true,"href":"https:\/\/www.wsvlangen.de\/index.php?rest_route=%2Fwp%2Fv2%2Fcomments&post=6"}],"version-history":[{"count":36,"href":"https:\/\/www.wsvlangen.de\/index.php?rest_route=\/wp\/v2\/pages\/6\/revisions"}],"predecessor-version":[{"id":6933,"href":"https:\/\/www.wsvlangen.de\/index.php?rest_route=\/wp\/v2\/pages\/6\/revisions\/6933"}],"wp:attachment":[{"href":"https:\/\/www.wsvlangen.de\/index.php?rest_route=%2Fwp%2Fv2%2Fmedia&parent=6"}],"curies":[{"name":"wp","href":"https:\/\/api.w.org\/{rel}","templated":true}]}}